							
{"id":143,"date":"2014-10-12T12:57:35","date_gmt":"2014-10-12T10:57:35","guid":{"rendered":"http:\/\/storymap.nordai.it\/?page_id=143"},"modified":"2015-10-04T12:43:57","modified_gmt":"2015-10-04T10:43:57","slug":"le-tappe-2","status":"publish","type":"page","link":"http:\/\/storymap.nordai.it\/?page_id=143","title":{"rendered":"Le Tappe 2014"},"content":{"rendered":"<p>[et_pb_section][et_pb_row][et_pb_column type=&#8221;1_3&#8243;][et_pb_blurb admin_label=&#8221;Blurb&#8221; title=&#8221;Le tappe del viaggio di Marco Polo&#8221; url_new_window=&#8221;off&#8221; use_icon=&#8221;on&#8221; font_icon=&#8221;\ue01d&#8221; icon_color=&#8221;#4689c7&#8243; use_circle=&#8221;off&#8221; circle_color=&#8221;#4689c7&#8243; use_circle_border=&#8221;off&#8221; circle_border_color=&#8221;#4689c7&#8243; icon_placement=&#8221;left&#8221; animation=&#8221;off&#8221; background_layout=&#8221;light&#8221; text_orientation=&#8221;center&#8221; \/][et_pb_image admin_label=&#8221;Image&#8221; src=&#8221;http:\/\/gallica.bnf.fr\/ark:\/12148\/btv1b8446490t\/f1.highres&#8221; show_in_lightbox=&#8221;off&#8221; url_new_window=&#8221;off&#8221; animation=&#8221;bottom&#8221; sticky=&#8221;off&#8221; \/][\/et_pb_column][et_pb_column type=&#8221;2_3&#8243;][et_pb_accordion admin_label=&#8221;Accordion&#8221;][et_pb_accordion_item title=&#8221;Copertina&#8221;]<\/p>\n<h1><b>Titolo<\/b><\/h1>\n<p>Il viaggio di Marco Polo<\/p>\n<p>&nbsp;<\/p>\n<p><b>Immagine di sfondo:<\/b><\/p>\n<p><a href=\"http:\/\/paulerskine.co.za\/wp-content\/uploads\/2011\/01\/Marco-Polo.jpg\">http:\/\/paulerskine.co.za\/wp-content\/uploads\/2011\/01\/Marco-Polo.jpg<\/a><\/p>\n<p>[\/et_pb_accordion_item][et_pb_accordion_item title=&#8221;Partenza &#8211; VENEZIA&#8221;]<\/p>\n<h2><b>Luogo<\/b><\/h2>\n<p><b>Venezia (Italia)<\/b><\/p>\n<p>&nbsp;<\/p>\n<p><b>Titolo:<\/b><\/p>\n<p>Venezia &#8211; 1271<\/p>\n<p>&nbsp;<\/p>\n<p><b>Sotto titolo<\/b><\/p>\n<p>La partenza del viaggio di Marco Polo<\/p>\n<p>&nbsp;<\/p>\n<p><b>Testo:<\/b><\/p>\n<p>Questa immagine illustra l\u2019inizio del viaggio di Marco Polo, e mostra Marco, suo padre e suo zio nel porto di Venezia nel 1271, diretto a Xanadu di Kublai Khan. Nella parte inferiore a sinistra creature esotiche evocano le meravigliose terre dove sono diretti.<\/p>\n<p>&nbsp;<\/p>\n<p><b>Immagine di sfondo:<\/b><\/p>\n<p><a href=\"http:\/\/3.bp.blogspot.com\/_Pr6-CKqWLp0\/TKQHC61g0SI\/AAAAAAAAAAc\/M-xWrx8mZzs\/s1600\/ScannedImage-7.jpg\">http:\/\/3.bp.blogspot.com\/_Pr6-CKqWLp0\/TKQHC61g0SI\/AAAAAAAAAAc\/M-xWrx8mZzs\/s1600\/ScannedImage-7.jpg<\/a><\/p>\n<p>&nbsp;<\/p>\n<p><b>Video Super Quark<\/b><\/p>\n<p><a href=\"http:\/\/youtu.be\/Pz9LgW6xDhM?t=10m49s\">http:\/\/youtu.be\/Pz9LgW6xDhM?t=10m49s<\/a><\/p>\n<p>&nbsp;<\/p>\n<p>[\/et_pb_accordion_item][et_pb_accordion_item title=&#8221;Tappa n.1 &#8211; ACRI&#8221;]<\/p>\n<h2><b>Luogo<\/b><\/h2>\n<p><b>Acri (Israele)<\/b><\/p>\n<p>&nbsp;<\/p>\n<p><b>Titolo:<\/b><\/p>\n<p>San Giovanni d\u2019Acri<\/p>\n<p>&nbsp;<\/p>\n<p><b>Sottotitolo:<\/b><\/p>\n<p>La prima tappa del viaggio di Marco Polo<\/p>\n<p>&nbsp;<\/p>\n<p><b>Testo<\/b><\/p>\n<p>\u00abBella la patria mia coi i suoi vigneti, col suo vecchio Castello e suoi torrenti; limpide son le sue fontane, e i venti sospirano di amor per gli uliveti. Di monti coronata e di querceti, sfido l&#8217;ira dei nembi e dei potenti; culla di forti, di impavidi ed ardenti di martiri, di santi e di poeti\u00bb. V.Julia<\/p>\n<p>&nbsp;<\/p>\n<p><b>Immagine di sfondo<\/b><\/p>\n<p><a href=\"http:\/\/fc.skschools.net\/~lmagliari\/S004A02D4.3\/Immagine-Acri_quartieri_Picitti_Santa_Croce_Odivella.jpg\">http:\/\/fc.skschools.net\/~lmagliari\/S004A02D4.3\/Immagine-Acri_quartieri_Picitti_Santa_Croce_Odivella.jpg<\/a><\/p>\n<p>&nbsp;<\/p>\n<p><b>Video YouTube<\/b><\/p>\n<p><a href=\"https:\/\/www.youtube.com\/watch?v=62kOPng-8P4\">https:\/\/www.youtube.com\/watch?v=62kOPng-8P4<\/a><\/p>\n<p>Un&#8217;escursione emozionante per adulti e bambini, la citt\u00e0 vecchia di Acri<\/p>\n<p>[\/et_pb_accordion_item][et_pb_accordion_item title=&#8221;Tappa n.2 &#8211; GERUSALEMME&#8221;]<\/p>\n<h2><b>Luogo<\/b><\/h2>\n<p><b>Gerusalemme<\/b><\/p>\n<p>&nbsp;<\/p>\n<p><b>Titolo:<\/b><\/p>\n<p><b>Gerusalemme<\/b><\/p>\n<p>&nbsp;<\/p>\n<p><b>Sottotitolo:<\/b><\/p>\n<p>La seconda tappa del viaggio di Marco Polo<\/p>\n<p>&nbsp;<\/p>\n<p><b>Testo<\/b><\/p>\n<p>A Gerusalemme per prendere l&#8217;olio della lampada del Santo Sepolcro da recare in dono al Gran Khan Kublai<\/p>\n<p>&nbsp;<\/p>\n<p><b>Immagine:<\/b><\/p>\n<p><a href=\"https:\/\/www.flickr.com\/photos\/33416825@N00\/14582790077\/sizes\/l\">https:\/\/www.flickr.com\/photos\/33416825@N00\/14582790077\/sizes\/l<\/a><\/p>\n<p>&nbsp;<\/p>\n<p><b>Video SuperQuark<\/b><\/p>\n<p><a href=\"http:\/\/youtu.be\/Pz9LgW6xDhM?t=12m52s\">http:\/\/youtu.be\/Pz9LgW6xDhM?t=12m52s<\/a><\/p>\n<p>&nbsp;<\/p>\n<p>[\/et_pb_accordion_item][et_pb_accordion_item title=&#8221;Tappa n.3 &#8211; LAIAZZO&#8221;]<\/p>\n<h2><b>Luogo<\/b><\/h2>\n<p><b>Ayas<\/b><b> (Turchia)<\/b><\/p>\n<p>&nbsp;<\/p>\n<p><b>Titolo:<\/b><\/p>\n<p><b>Laiazzo<\/b><\/p>\n<p>&nbsp;<\/p>\n<p><b>Sottotitolo:<\/b><\/p>\n<p>La terza tappa del viaggio di Marco Polo<\/p>\n<p>&nbsp;<\/p>\n<p><b>Wikipedia<\/b><\/p>\n<p>http:\/\/it.wikipedia.org\/wiki\/Laiazzo<\/p>\n<p>&nbsp;<\/p>\n<p><b>Immagine di sfondo:<\/b><\/p>\n<p><a href=\"http:\/\/upload.wikimedia.org\/wikipedia\/commons\/thumb\/3\/35\/AyasMarcoPolo.JPG\/600px-AyasMarcoPolo.JPG\">http:\/\/upload.wikimedia.org\/wikipedia\/commons\/thumb\/3\/35\/AyasMarcoPolo.JPG\/600px-AyasMarcoPolo.JPG<\/a><\/p>\n<p>&nbsp;<\/p>\n<p>[\/et_pb_accordion_item][et_pb_accordion_item title=&#8221;Tappa n.4 &#8211; ERZINGAZ&#8221;]<\/p>\n<h2><b>Luogo<\/b><\/h2>\n<p><b>Erzingaz (ARMENIA)<\/b><\/p>\n<p>&nbsp;<\/p>\n<p><b>Titolo:<\/b><\/p>\n<p><b>Erzingaz<\/b><\/p>\n<p>&nbsp;<\/p>\n<p><b>Sottotitolo:<\/b><\/p>\n<p>La quarta tappa del viaggio di Marco Polo<\/p>\n<p>&nbsp;<\/p>\n<p><b>Testo<\/b><\/p>\n<p><i>&#8220;Qui Marco vide il monte Ararat sul quale, secondo i Cristiani, si pos\u00f2 l\u2019Arca di No\u00e8 dopo il diluvio\u201d<\/i><\/p>\n<p>&nbsp;<\/p>\n<p><b>Immagine di sfondo<\/b><\/p>\n<p><a href=\"http:\/\/www.infotdgeova.it\/old\/arca4pic.jpg\">http:\/\/www.infotdgeova.it\/old\/arca4pic.jpg<\/a><\/p>\n<p>&nbsp;<\/p>\n<p><b>Video Vimeo<\/b><\/p>\n<p><a href=\"http:\/\/vimeo.com\/99734567\">http:\/\/vimeo.com\/99734567<\/a><\/p>\n<p>&nbsp;<\/p>\n<p>[\/et_pb_accordion_item][et_pb_accordion_item title=&#8221;Tappa n.5 &#8211; DERBEND&#8221;]<\/p>\n<h2><b>Luogo<\/b><\/h2>\n<p><b>Derbent (RUSSIA)<\/b><\/p>\n<p>&nbsp;<\/p>\n<p><b>Titolo:<\/b><\/p>\n<p><b>Derbend<\/b><\/p>\n<p>&nbsp;<\/p>\n<p><b>Sottotitolo:<\/b><\/p>\n<p>La quinta tappa del viaggio di Marco Polo<\/p>\n<p>&nbsp;<\/p>\n<p><b>Testo<\/b><\/p>\n<p><i>\u201cQui Marco vede il monastero di San Leonardo ai piedi del quale si stende un lago miracoloso in cui dicono si trovi pesce soltanto in quaresima\u201d<\/i><\/p>\n<p>&nbsp;<\/p>\n<p><b>Immagine di sfondo<\/b><\/p>\n<p><a href=\"http:\/\/d1vmp8zzttzftq.cloudfront.net\/wp-content\/uploads\/2012\/03\/Derbent-town-with-Naryn-Kala-citadel-in-the-background-russia.jpg\">http:\/\/d1vmp8zzttzftq.cloudfront.net\/wp-content\/uploads\/2012\/03\/Derbent-town-with-Naryn-Kala-citadel-in-the-background-russia.jpg<\/a><\/p>\n<p>&nbsp;<\/p>\n<p>[\/et_pb_accordion_item][et_pb_accordion_item title=&#8221;Tappa n.6 &#8211; MOSSUL&#8221;]<\/p>\n<h2><b>Luogo<\/b><\/h2>\n<p><b>MOSSUL (IRAQ)<\/b><\/p>\n<p>&nbsp;<\/p>\n<p><b>Titolo:<\/b><\/p>\n<p><b>MOSSUL<\/b><\/p>\n<p>&nbsp;<\/p>\n<p><b>Sottotitolo:<\/b><\/p>\n<p>La sesta tappa del viaggio di Marco Polo<\/p>\n<p>&nbsp;<\/p>\n<p><b>Wikipedia<\/b><\/p>\n<p><a href=\"http:\/\/it.wikipedia.org\/wiki\/Mossul\">http:\/\/it.wikipedia.org\/wiki\/Mossul<\/a><\/p>\n<p>&nbsp;<\/p>\n<p><b>Immagine di sfondo:<\/b><\/p>\n<p><a href=\"http:\/\/i.huffpost.com\/gen\/1846825\/thumbs\/o-MOSSUL-facebook.jpg\">http:\/\/i.huffpost.com\/gen\/1846825\/thumbs\/o-MOSSUL-facebook.jpg<\/a><\/p>\n<p>[\/et_pb_accordion_item][et_pb_accordion_item title=&#8221;Tappa n.7 &#8211; BAGHDAD&#8221;]<\/p>\n<h2><b>Luogo<\/b><\/h2>\n<p><b>BAGHDAD (IRAQ)<\/b><\/p>\n<p>&nbsp;<\/p>\n<p><b>Titolo:<\/b><\/p>\n<p><b>BAGHDAD<\/b><\/p>\n<p>&nbsp;<\/p>\n<p><b>Sottotitolo:<\/b><\/p>\n<p>La settima tappa del viaggio di Marco Polo<\/p>\n<p>&nbsp;<\/p>\n<p><b>Testo<\/b><\/p>\n<p>Qui Marco Polo racconta la presa di Baghdad fatta dai Tartari nel 1258.<\/p>\n<p><i>\u201cIn mezzo alla citt\u00e0 passa un fiume molto grande attraverso il quale si pu\u00f2 andare fino al mare d&#8217;india.\u201d<\/i><\/p>\n<p>&nbsp;<\/p>\n<p><b>Immagine di sfondo:<\/b><\/p>\n<p><a href=\"http:\/\/2.bp.blogspot.com\/-VyLZqO90MpM\/UaPJApatVEI\/AAAAAAAAAFQ\/XNZxB_wlJnY\/s1600\/Marco_Polo_traveling.jpg\">http:\/\/2.bp.blogspot.com\/-VyLZqO90MpM\/UaPJApatVEI\/AAAAAAAAAFQ\/XNZxB_wlJnY\/s1600\/Marco_Polo_traveling.jpg<\/a><\/p>\n<p>&nbsp;<\/p>\n<p>[\/et_pb_accordion_item][et_pb_accordion_item title=&#8221;Tappa n.8 &#8211; BASSORA&#8221;]<\/p>\n<h2><b>Luogo<\/b><\/h2>\n<p><b>BASSORA (IRAQ)<\/b><\/p>\n<p>&nbsp;<\/p>\n<p><b>Titolo:<\/b><\/p>\n<p><b>BASSORA<\/b><\/p>\n<p>&nbsp;<\/p>\n<p><b>Sottotitolo:<\/b><\/p>\n<p>L\u2019ottava tappa del viaggio di Marco Polo<\/p>\n<p>&nbsp;<\/p>\n<p><b>Testo<\/b><\/p>\n<p>\u201cIl paese dei datteri\u201d<\/p>\n<p>&nbsp;<\/p>\n<p><b>Wikipedia<\/b><\/p>\n<p><a href=\"http:\/\/it.wikipedia.org\/wiki\/Bassora\">http:\/\/it.wikipedia.org\/wiki\/Bassora<\/a><\/p>\n<p>[\/et_pb_accordion_item][et_pb_accordion_item title=&#8221;Tappa n.9 &#8211; YAZD&#8221;]<\/p>\n<h2><b>Luogo<\/b><\/h2>\n<p><b>Yazd (IRAN)<\/b><\/p>\n<p>&nbsp;<\/p>\n<p><b>Titolo:<\/b><\/p>\n<p><b>Yazd (PERSIA)<\/b><\/p>\n<p>&nbsp;<\/p>\n<p><b>Sottotitolo:<\/b><\/p>\n<p>La nona tappa del viaggio di Marco Polo<\/p>\n<p>&nbsp;<\/p>\n<p><b>Testo<\/b><\/p>\n<p>La citt\u00e0 pi\u00f9 orientale della Persia. Da li i viaggiatori cavalcarono sette giorni attraverso magnifiche foreste piene di selvaggina per giungere alla provincia di Kirman<\/p>\n<p>&nbsp;<\/p>\n<p><b>Immagine di sfondo:<\/b><\/p>\n<p><a href=\"http:\/\/upload.wikimedia.org\/wikipedia\/commons\/b\/b7\/Yazd_towers_of_silence.JPG\">http:\/\/upload.wikimedia.org\/wikipedia\/commons\/b\/b7\/Yazd_towers_of_silence.JPG<\/a><\/p>\n<p>[\/et_pb_accordion_item][et_pb_accordion_item title=&#8221;Tappa n.10 &#8211; ORMUZ&#8221;]<\/p>\n<h2><b>Luogo<\/b><\/h2>\n<p><b>ORMUZ (IRAN)<\/b><\/p>\n<p>&nbsp;<\/p>\n<p><b>Titolo:<\/b><\/p>\n<p><b>ORMUZ<\/b><\/p>\n<p>&nbsp;<\/p>\n<p><b>Sottotitolo:<\/b><\/p>\n<p>La decima tappa del viaggio di Marco Polo<\/p>\n<p>&nbsp;<\/p>\n<p><b>Testo<\/b><\/p>\n<p>Marco racconta che il paese gli sembr\u00f2 molto caldo e malsano, ma ricco di datteri e alberi da frutto, di gemme, stoffe di seta e d&#8217;oro, denti di elefante e vino di palme. Il porto era frequentato da molte navi con un solo albero e una sola vela, le cui tavole erano unite con fili di corteccia non inchiodate.<\/p>\n<p>&nbsp;<\/p>\n<p><b>Immagine<\/b><\/p>\n<p><a href=\"http:\/\/chestofbooks.com\/reference\/American-Cyclopaedia-9\/images\/Old-Portuguese-Fort-Ormuz.jpg\">http:\/\/chestofbooks.com\/reference\/American-Cyclopaedia-9\/images\/Old-Portuguese-Fort-Ormuz.jpg<\/a><\/p>\n<p>&nbsp;<\/p>\n<p><b>Immagine di sfondo<\/b><\/p>\n<p>http:\/\/chestofbooks.com\/reference\/American-Cyclopaedia-9\/images\/Old-Portuguese-Fort-Ormuz.jp<a href=\"http:\/\/chestofbooks.com\/reference\/American-Cyclopaedia-9\/images\/Old-Portuguese-Fort-Ormuz.jpg\">g<\/a><\/p>\n<p><b>Video Super Quark<\/b><\/p>\n<p><a href=\"http:\/\/youtu.be\/ggBQQ1y598Q\">http:\/\/youtu.be\/ggBQQ1y598Q<\/a><\/p>\n<p>[\/et_pb_accordion_item][et_pb_accordion_item title=&#8221;Tappa n.11 &#8211; KIRMAN&#8221;]<\/p>\n<h2><b>Luogo<\/b><\/h2>\n<p><b>Kerman, (Iran)<\/b><\/p>\n<p>&nbsp;<\/p>\n<p><b>Titolo:<\/b><\/p>\n<p><b>KIRMAN<\/b><\/p>\n<p>&nbsp;<\/p>\n<p><b>Sottotitolo:<\/b><\/p>\n<p>L\u2019undicesima tappa del viaggio di Marco Polo<\/p>\n<p>&nbsp;<\/p>\n<p><b>Testo<\/b><\/p>\n<p><b>Video di Super Quark:<\/b><\/p>\n<p><a href=\"http:\/\/youtu.be\/ggBQQ1y598Q?t=1m3s\">http:\/\/youtu.be\/ggBQQ1y598Q?t=1m3s<\/a><\/p>\n<p>[\/et_pb_accordion_item][et_pb_accordion_item title=&#8221;Tappa n. 12 &#8211; DAMAGHAN&#8221;]<\/p>\n<h2><b>Luogo<\/b><\/h2>\n<p><b>DAMAGHAN (IRAN)<\/b><\/p>\n<p>&nbsp;<\/p>\n<p><b>Titolo:<\/b><\/p>\n<p><b>DAMAGHAN<\/b><\/p>\n<p>&nbsp;<\/p>\n<p><b>Sottotitolo:<\/b><\/p>\n<p>La dodicesima tappa del viaggio di Marco Polo<\/p>\n<p>&nbsp;<\/p>\n<p><b>Testo<\/b><\/p>\n<p>Dopo aver attraversato aridi deserti Marco giunge in questa citt\u00e0 e da alcune notizie intorno al Vecchio della Montagna. Egli aveva fatto fare fra due montagne, in una valle, il pi\u00f9 bel e grande giardino del mondo. In questo giardino entrava solamente chi voleva che diventasse un assassino.<\/p>\n<p>&nbsp;<\/p>\n<p><b>Immagine di sfondo<\/b><\/p>\n<p><a href=\"http:\/\/photos1.blogger.com\/blogger\/6296\/15\/320\/veglio_della_montagna.jpg\">http:\/\/photos1.blogger.com\/blogger\/6296\/15\/320\/veglio_della_montagna.jpg<\/a><\/p>\n<p>[\/et_pb_accordion_item][et_pb_accordion_item title=&#8221;Tappa n.13 &#8211; BALKH&#8221;]<\/p>\n<h2><b>Luogo<\/b><\/h2>\n<p><b>BALKH (AFGHANISTAN)<\/b><\/p>\n<p>&nbsp;<\/p>\n<p><b>Titolo:<\/b><\/p>\n<p><b>BALKH<\/b><\/p>\n<p>&nbsp;<\/p>\n<p><b>Sottotitolo:<\/b><\/p>\n<p>La tredicesima tappa del viaggio di Marco Polo<\/p>\n<p>&nbsp;<\/p>\n<p><b>Wikipedia<\/b><\/p>\n<p><a href=\"http:\/\/it.wikipedia.org\/wiki\/Balkh_(sito_archeologico)\"><b>http:\/\/it.wikipedia.org\/wiki\/Balkh_(sito_archeologico)<\/b><\/a><\/p>\n<p>[\/et_pb_accordion_item][et_pb_accordion_item title=&#8221;Tappa n.14 &#8211; SAMARCANDA&#8221;]<\/p>\n<h2><b>Luogo<\/b><\/h2>\n<p><b>Samarcanda (IRAN)<\/b><\/p>\n<p>&nbsp;<\/p>\n<p><b>Titolo:<\/b><\/p>\n<p><b>Samarcanda<\/b><\/p>\n<p>&nbsp;<\/p>\n<p><b>Sottotitolo:<\/b><\/p>\n<p>La quattordicesima tappa del viaggio di Marco Polo<\/p>\n<p>&nbsp;<\/p>\n<p><b>Test<\/b><\/p>\n<p>Grande citt\u00e0 abitata da Cristiani e Saraceni<\/p>\n<p><b>Immagine di sfondo:<\/b><\/p>\n<p><a href=\"http:\/\/upload.wikimedia.org\/wikipedia\/commons\/4\/45\/Registan_-_Samarkand_-_15-10-2005.jpg\">http:\/\/upload.wikimedia.org\/wikipedia\/commons\/4\/45\/Registan_-_Samarkand_-_15-10-2005.jpg<\/a><\/p>\n<p>&nbsp;<\/p>\n<p>[\/et_pb_accordion_item][et_pb_accordion_item title=&#8221;Tappa n. 15 &#8211; KASHGAR&#8221;]<\/p>\n<p><b>Luogo:<\/b><\/p>\n<p><b>KASHGAR (CINA)<\/b><\/p>\n<p>&nbsp;<\/p>\n<p><b>Titolo:<\/b><\/p>\n<p><b>KASHGAR<\/b><\/p>\n<p>&nbsp;<\/p>\n<p><b>Sottotitolo:<\/b><\/p>\n<p>La quindicesima tappa del viaggio di Marco Polo<\/p>\n<p>&nbsp;<\/p>\n<p><b>Testo<\/b><\/p>\n<p>Dopo le montagne si ridiscendeva finalmente al piano. E li, con i suoi bazar colorati e i minareti di marmo, i bagni pubblici, le taverne piene di vino (nonstante i minareti), gli innumerevoli ed accoglienti bordelli, piena di genti Kirgise, Ugiure, Tagiche, Mongole, Tartare, Turcomanne ed altre, ad attendere i carovanieri e i mercanti stanchi, affranti e semiassiderati c&#8217;era, allora come oggi, Kashgar, la citta&#8217; giardino<\/p>\n<p>&nbsp;<\/p>\n<p><b>Immagine di sfondo:<\/b><\/p>\n<p><a href=\"http:\/\/upload.wikimedia.org\/wikipedia\/commons\/3\/32\/Kashgar.jpg\">http:\/\/upload.wikimedia.org\/wikipedia\/commons\/3\/32\/Kashgar.jpg<\/a><\/p>\n<p><b>Video Super Quark<\/b><\/p>\n<p><a href=\"http:\/\/youtu.be\/ggBQQ1y598Q?t=11m47s\">http:\/\/youtu.be\/ggBQQ1y598Q?t=11m47s<\/a><\/p>\n<p>[\/et_pb_accordion_item][et_pb_accordion_item title=&#8221;Tappa n.16 &#8211; YARKUND&#8221;]<\/p>\n<h2><b>Luogo<\/b><\/h2>\n<p><b>YARKAND (AFGHANISTAN)<\/b><\/p>\n<p>&nbsp;<\/p>\n<p><b>Titolo:<\/b><\/p>\n<p><b>YARKUND<\/b><\/p>\n<p>&nbsp;<\/p>\n<p><b>Sottotitolo:<\/b><\/p>\n<p>La sedicesima tappa del viaggio di Marco Polo<\/p>\n<p>&nbsp;<\/p>\n<p><b>Testo<\/b><\/p>\n<p><b>Immagine di sfondo:<\/b><\/p>\n<p><a href=\"http:\/\/upload.wikimedia.org\/wikipedia\/commons\/9\/9a\/Approach_to_Yarkand,_1868.jpg\">http:\/\/upload.wikimedia.org\/wikipedia\/commons\/9\/9a\/Approach_to_Yarkand,_1868.jpg<\/a><\/p>\n<p>[\/et_pb_accordion_item][et_pb_accordion_item title=&#8221;Tappa n.17 &#8211; KHOTAN&#8221;]<\/p>\n<h2><b>Luogo<\/b><\/h2>\n<p><b>KHOTAN (CINA)<\/b><\/p>\n<p>&nbsp;<\/p>\n<p><b>Titolo:<\/b><\/p>\n<p><b>KHOTAN<\/b><\/p>\n<p>&nbsp;<\/p>\n<p><b>Sottotitolo:<\/b><\/p>\n<p>La diciasettesima tappa del viaggio di Marco Polo<\/p>\n<p>&nbsp;<\/p>\n<p><b>Wiki<\/b><\/p>\n<p>http:\/\/it.wikipedia.org\/wiki\/Regno_di_Khotan<\/p>\n<p>&nbsp;<\/p>\n<p><b>Immagine di sfondo:<\/b><\/p>\n<p><a href=\"http:\/\/upload.wikimedia.org\/wikipedia\/commons\/d\/d0\/Tarimbecken_3._Jahrhundert.png\">http:\/\/upload.wikimedia.org\/wikipedia\/commons\/d\/d0\/Tarimbecken_3._Jahrhundert.png<\/a><\/p>\n<p>[\/et_pb_accordion_item][et_pb_accordion_item title=&#8221;Tappa n.18 &#8211; GROTTE DEI MILLE BUDDHA&#8221;]<\/p>\n<h2><b>Luogo<\/b><\/h2>\n<p><b>GROTTE DEI MILLE BUDDHA (CINA)<\/b><\/p>\n<p>&nbsp;<\/p>\n<p><b>Titolo:<\/b><\/p>\n<p><b>GROTTE DEI MILLE BUDDHA<\/b><\/p>\n<p>&nbsp;<\/p>\n<p><b>Sottotitolo:<\/b><\/p>\n<p>La diciottesima tappa del viaggio di Marco Polo<\/p>\n<p>&nbsp;<\/p>\n<p><b>Testo<\/b><\/p>\n<p>&#8220;&#8230;In prossimit\u00e0 delle dune cantanti c&#8217;era la salvezza, perch\u00e9 c&#8217;era un oasi\u2026.&#8221;<\/p>\n<p>&nbsp;<\/p>\n<p><b>Immagine di sfondo:<\/b><\/p>\n<p><a href=\"http:\/\/ilturistico.it\/wp-content\/uploads\/2013\/08\/Mogao_caves.jpg\">http:\/\/ilturistico.it\/wp-content\/uploads\/2013\/08\/Mogao_caves.jpg<\/a><\/p>\n<p>&nbsp;<\/p>\n<p><b>Video Super Quark<\/b><\/p>\n<p><a href=\"http:\/\/youtu.be\/R2vGETkEZDY?t=4m1s\">http:\/\/youtu.be\/R2vGETkEZDY?t=4m1s<\/a><\/p>\n<p>&nbsp;<\/p>\n<p>[\/et_pb_accordion_item][et_pb_accordion_item title=&#8221;Tappa n.19 &#8211; SI-NING&#8221;]<\/p>\n<h2><b>Luogo<\/b><\/h2>\n<p><b>SI-NING (CINA)<\/b><\/p>\n<p>&nbsp;<\/p>\n<p><b>Titolo:<\/b><\/p>\n<p><b>SI-NING<\/b><\/p>\n<p>&nbsp;<\/p>\n<p><b>Sottotitolo:<\/b><\/p>\n<p>La diciannovesima tappa del viaggio di Marco Polo<\/p>\n<p>&nbsp;<\/p>\n<p><b>Testo<\/b><\/p>\n<p>\u00c8 situata a 2250 m. s. m. ed \u00e8 il centro commerciale (carovaniero) pi\u00f9 importante della regione. Vi convengono Mongoli, Tibetani e Hsi-fan. Notevole il commercio della lana e delle pelli. Si-ning \u00e8 stata riconquistata nel 1872 dopo la grande rivolta musulmana. Circondata da monti denudati, sorge in mezzo a una piccola pianura, fertile e irrigata, formata dalla confluenza di tre fiumi. A 20 km. a SO. dalla citt\u00e0 si trova il famoso convento di Kumbum dove dimorano quattromila lama e un Buddha vivente, e che \u00e8 meta di pellegrinaggi.<\/p>\n<p><b>Immagine di sfondo:<\/b><\/p>\n<p><a href=\"http:\/\/hongmeiclub.ucoz.ru\/vol_str_na_z\/qinghai1.jpg\">http:\/\/hongmeiclub.ucoz.ru\/vol_str_na_z\/qinghai1.jpg<\/a><\/p>\n<p>[\/et_pb_accordion_item][et_pb_accordion_item title=&#8221;Arrivo &#8211; CAMBALUC (Pechino)&#8221;]<\/p>\n<h2><b>Luogo:<\/b><\/h2>\n<p><b>PECHINO (CINA)<\/b><\/p>\n<p>&nbsp;<\/p>\n<p><b>Titolo:<\/b><\/p>\n<p><b>Cambaluc (PECHINO) &#8211; 1275<\/b><\/p>\n<p>&nbsp;<\/p>\n<p><b>Sottotitolo:<\/b><\/p>\n<p>Il termine del viaggio di Marco Polo<\/p>\n<p>&nbsp;<\/p>\n<p><b>Testo<\/b><\/p>\n<p><b>\u00ab<\/b> Quando gli due fratelli e Marco giunsero alla gran citt\u00e0 ov&#8217;era il Gran Cane, andarono al mastro palagio, ov&#8217;egli era con molti baroni, e inginocchiaronsi dinanzi da lui, cio\u00e8 al Gran Cane, e molto si umigliarono a lui. Egli li fece levare suso, e molto mostr\u00f2 grande allegrezza, e domand\u00f2 loro chi era quello giovane ch&#8217;era con loro. Disse messer Nicol\u00f2: &#8220;Egli \u00e8 vostro uomo e mio figliuolo&#8221;. Disse il Gran Cane: &#8220;Egli sia il ben venuto, e molto mi piace&#8221;. <b>\u00bb<\/b><\/p>\n<p>&nbsp;<\/p>\n<p><b>Immagine di sfondo:<\/b><\/p>\n<p><a href=\"http:\/\/upload.wikimedia.org\/wikipedia\/commons\/1\/1b\/YuanEmperorAlbumKhubilaiPortrait.jpg\">http:\/\/upload.wikimedia.org\/wikipedia\/commons\/1\/1b\/YuanEmperorAlbumKhubilaiPortrait.jpg<\/a><\/p>\n<p>&nbsp;<\/p>\n<p>[\/et_pb_accordion_item][\/et_pb_accordion][et_pb_text admin_label=&#8221;Text&#8221; background_layout=&#8221;light&#8221; text_orientation=&#8221;left&#8221;]<\/p>\n<p><a title=\"vai al documento\" href=\"https:\/\/docs.google.com\/document\/d\/1FcE3TrhvD7dX1I2-_1HmP1WbLp20HlHPOBVPHnmJR8g\/edit#\" target=\"_blank\">Documento su Google DOC<\/a><\/p>\n<p>[\/et_pb_text][\/et_pb_column][\/et_pb_row][\/et_pb_section]<\/p>\n","protected":false},"excerpt":{"rendered":"<p><div class=\"et_pb_section et_pb_section_0 et_section_regular\" >\n\t\t\t\t\n\t\t\t\t\n\t\t\t\t\n\t\t\t\t\n\t\t\t\t\n\t\t\t\t\n\t\t\t\t\n\t\t\t\t\n\t\t\t\t\n\t\t\t<\/div><div class=\"et_pb_row et_pb_row_0 et_pb_row_empty\">\n\t\t\t\t\n\t\t\t\t\n\t\t\t\t\n\t\t\t\t\n\t\t\t\t\n\t\t\t<\/div> Titolo Il viaggio di Marco Polo &nbsp; Immagine di sfondo: http:\/\/paulerskine.co.za\/wp-content\/uploads\/2011\/01\/Marco-Polo.jpg Luogo Venezia (Italia) &nbsp; Titolo: Venezia &#8211; 1271 &nbsp; Sotto titolo La partenza del viaggio di Marco Polo &nbsp; Testo: Questa immagine illustra l\u2019inizio del viaggio di Marco Polo, e mostra Marco, suo padre e suo zio nel porto di Venezia nel 1271, [&hellip;]<\/p>\n","protected":false},"author":1,"featured_media":0,"parent":206,"menu_order":0,"comment_status":"closed","ping_status":"closed","template":"","meta":{"_et_pb_use_builder":"on","_et_pb_old_content":"","_et_gb_content_width":"","footnotes":""},"class_list":["post-143","page","type-page","status-publish","hentry"],"_links":{"self":[{"href":"http:\/\/storymap.nordai.it\/index.php?rest_route=\/wp\/v2\/pages\/143","targetHints":{"allow":["GET"]}}],"collection":[{"href":"http:\/\/storymap.nordai.it\/index.php?rest_route=\/wp\/v2\/pages"}],"about":[{"href":"http:\/\/storymap.nordai.it\/index.php?rest_route=\/wp\/v2\/types\/page"}],"author":[{"embeddable":true,"href":"http:\/\/storymap.nordai.it\/index.php?rest_route=\/wp\/v2\/users\/1"}],"replies":[{"embeddable":true,"href":"http:\/\/storymap.nordai.it\/index.php?rest_route=%2Fwp%2Fv2%2Fcomments&post=143"}],"version-history":[{"count":11,"href":"http:\/\/storymap.nordai.it\/index.php?rest_route=\/wp\/v2\/pages\/143\/revisions"}],"predecessor-version":[{"id":220,"href":"http:\/\/storymap.nordai.it\/index.php?rest_route=\/wp\/v2\/pages\/143\/revisions\/220"}],"up":[{"embeddable":true,"href":"http:\/\/storymap.nordai.it\/index.php?rest_route=\/wp\/v2\/pages\/206"}],"wp:attachment":[{"href":"http:\/\/storymap.nordai.it\/index.php?rest_route=%2Fwp%2Fv2%2Fmedia&parent=143"}],"curies":[{"name":"wp","href":"https:\/\/api.w.org\/{rel}","templated":true}]}}