							
{"id":212,"date":"2015-10-04T12:43:35","date_gmt":"2015-10-04T10:43:35","guid":{"rendered":"http:\/\/storymap.nordai.it\/?page_id=212"},"modified":"2015-10-10T15:44:22","modified_gmt":"2015-10-10T13:44:22","slug":"la-storia","status":"publish","type":"page","link":"http:\/\/storymap.nordai.it\/?page_id=212","title":{"rendered":"La storia"},"content":{"rendered":"<p>[et_pb_section admin_label=&#8221;section&#8221;][et_pb_row admin_label=&#8221;row&#8221;][et_pb_column type=&#8221;1_3&#8243;][et_pb_blurb admin_label=&#8221;Blurb&#8221; title=&#8221;Il mito di Ulisse&#8221; url_new_window=&#8221;off&#8221; use_icon=&#8221;on&#8221; font_icon=&#8221;\ue086&#8221; icon_color=&#8221;#4689c7&#8243; use_circle=&#8221;off&#8221; circle_color=&#8221;#4689c7&#8243; use_circle_border=&#8221;off&#8221; circle_border_color=&#8221;#4689c7&#8243; icon_placement=&#8221;left&#8221; animation=&#8221;off&#8221; background_layout=&#8221;light&#8221; text_orientation=&#8221;left&#8221; use_icon_font_size=&#8221;off&#8221; use_border_color=&#8221;off&#8221; border_color=&#8221;#ffffff&#8221; border_style=&#8221;solid&#8221;]<\/p>\n<p>\u00a0<\/p>\n<p>[\/et_pb_blurb][et_pb_image admin_label=&#8221;Image&#8221; src=&#8221;http:\/\/storymap.nordai.it\/wp-content\/uploads\/2015\/10\/Il-viaggio-di-Ulisse1.jpg&#8221; show_in_lightbox=&#8221;off&#8221; url_new_window=&#8221;off&#8221; animation=&#8221;bottom&#8221; sticky=&#8221;off&#8221; align=&#8221;left&#8221; force_fullwidth=&#8221;off&#8221; always_center_on_mobile=&#8221;on&#8221; use_border_color=&#8221;off&#8221; border_color=&#8221;#ffffff&#8221; border_style=&#8221;solid&#8221;]<\/p>\n<p>\u00a0<\/p>\n<p>[\/et_pb_image][et_pb_text admin_label=&#8221;Text&#8221; background_layout=&#8221;light&#8221; text_orientation=&#8221;left&#8221; use_border_color=&#8221;off&#8221; border_color=&#8221;#ffffff&#8221; border_style=&#8221;solid&#8221;]<\/p>\n<p>Fonte: <a title=\"vai al sito\" href=\"http:\/\/www.treccani.it\/enciclopedia\/ulisse_(Enciclopedia-dei-ragazzi)\/\" target=\"_blank\">Enciclopedia Treccani<\/a> e <a title=\"vai al sito\" href=\"https:\/\/it.wikipedia.org\/wiki\/Odissea#Il_protagonista_Ulisse\" target=\"_blank\">Wikipedia<\/a><\/p>\n<p>[\/et_pb_text][\/et_pb_column][et_pb_column type=&#8221;2_3&#8243;][et_pb_divider admin_label=&#8221;Divider&#8221; color=&#8221;#ffffff&#8221; show_divider=&#8221;off&#8221; height=&#8221;40&#8243;]<\/p>\n<p>\u00a0<\/p>\n<p>[\/et_pb_divider][et_pb_accordion admin_label=&#8221;Accordion&#8221; use_border_color=&#8221;off&#8221; border_color=&#8221;#ffffff&#8221; border_style=&#8221;solid&#8221;]<\/p>\n<p>[et_pb_accordion_item title=&#8221;Ulisse: l\u2019eroe dell\u2019astuzia&#8221;]<\/p>\n<p><a href=\"http:\/\/storymap.nordai.it\/wp-content\/uploads\/2015\/10\/Ulisse_Sperlonga.jpg\"><img loading=\"lazy\" decoding=\"async\" class=\"alignnone size-medium wp-image-270\" src=\"http:\/\/storymap.nordai.it\/wp-content\/uploads\/2015\/10\/Ulisse_Sperlonga.jpg\" alt=\"Ulisse_Sperlonga\" width=\"192\" height=\"263\"><\/a><\/p>\n<p>Ulisse, in greco Odisseo, \u00e8 uno dei pi\u00f9 importanti&nbsp;eroi&nbsp;della&nbsp;mitologia greca. Re&nbsp;di Itaca, marito di&nbsp;Penelope e padre di&nbsp;Telemaco,&nbsp;Ulisse incarna il simbolo dell\u2019uomo che riesce a superare le prove della vita con la forza dell\u2019ingegno e grazie alla sua astuzia e alle sue mille risorse.<\/p>\n<p>Le sue gesta sono&nbsp;descritte e narrate&nbsp;da <a title=\"Omero\" href=\"https:\/\/it.wikipedia.org\/wiki\/Omero\">Omero<\/a> nell&#8217;<i><a title=\"Iliade\" href=\"https:\/\/it.wikipedia.org\/wiki\/Iliade\">Iliade<\/a><\/i> e nell&#8217;<i><a title=\"Odissea\" href=\"https:\/\/it.wikipedia.org\/wiki\/Odissea\">Odissea<\/a><\/i>, poema epico&nbsp;che lo ha come protagonista e che da lui prende il nome.<\/p>\n<p>[\/et_pb_accordion_item][et_pb_accordion_item title=&#8221;Il mito&#8221;]<\/p>\n<p><a href=\"http:\/\/storymap.nordai.it\/wp-content\/uploads\/2015\/10\/download.jpg\"><img loading=\"lazy\" decoding=\"async\" class=\"alignnone size-full wp-image-260\" src=\"http:\/\/storymap.nordai.it\/wp-content\/uploads\/2015\/10\/download.jpg\" alt=\"download\" width=\"258\" height=\"195\"><\/a><br \/> Ulisse, consultando un oracolo, scopr\u00ec che, se fosse partito per combattere la guerra contro Troia, sarebbe tornato in patria solo dopo vent&#8217;anni e in condizioni di miseria.<\/p>\n<p>Ulisse, nonostante fosse vincolato da un solenne giuramento, decise di non partecipare alla guerra e per evitare la partenza si finse pazzo. Indosso un cappello da contadino a forma di mezzo uovo e si mise ad arare un campo pungolando un asino e un bue aggiogati insieme e lanciandosi alle spalle manciate di sale.<\/p>\n<p>Ma quando il filgio Telemaco venne posto per terra davanti alle zampe delle bestie aggiogate all&#8217;aratro, Ulisse subito arretr\u00f2 tirando le redini per risparmiare il figlio. Smascherata la sua finzione, il re di Itaca dovette cedere ed arruolarsi nella spedizione contro i troiani.<\/p>\n<p>[\/et_pb_accordion_item][et_pb_accordion_item title=&#8221;La guerra di Troia&#8221;]<\/p>\n<p><a href=\"http:\/\/storymap.nordai.it\/wp-content\/uploads\/2015\/10\/cavallotroia.jpg\"><img loading=\"lazy\" decoding=\"async\" class=\"size-medium wp-image-255\" src=\"http:\/\/storymap.nordai.it\/wp-content\/uploads\/2015\/10\/cavallotroia-300x153.jpg\" alt=\"The Trojan Horse stands inside the city of Troy in Warner Bros. Pictures' epic action adventure &quot;Troy,&quot; starring Brad Pitt, Eric Bana and Orlando Bloom. PHOTOGRAPHS TO BE USED SOLELY FOR ADVERTISING, PROMOTION, PUBLICITY OR REVIEWS OF THIS SPECIFIC MOTION PICTURE AND TO REMAIN THE PROPERTY OF THE STUDIO. NOT FOR SALE OR REDISTRIBUTION.\" width=\"300\" height=\"153\" srcset=\"http:\/\/storymap.nordai.it\/wp-content\/uploads\/2015\/10\/cavallotroia-300x153.jpg 300w, http:\/\/storymap.nordai.it\/wp-content\/uploads\/2015\/10\/cavallotroia.jpg 550w\" sizes=\"(max-width: 300px) 100vw, 300px\" \/><\/a><\/p>\n<p>Ulisse \u00e8 un guerriero coraggioso e scaltro che si distingue dagli altri eroi perch\u00e8 non ama il duello ma preferisce usare l&#8217;ingegno per combattere il nemico. La sua impresa pi\u00f9 famosa fu senz\u2019altro quella dell&#8217;inganno del cavallo, azione grazie alla quale si pose fine alla lunga guerra.<\/p>\n<p>Seguendo un piano ideato da Ulisse, i greci finsero di rinunciare alla conquista della citt\u00e0 e di tornare alle proprie terre, lasciando sulla spiaggia un enorme cavallo di legno, per placare gli dei e propiziare il viaggio di ritorno in patria. Ma all&#8217;interno del cavallo erano nascosti i pi\u00f9 valorosi guerrieri greci, guidati da Ulisse. I Troiani, convinti che il cavallo fosse un regalo segno di pace e felici per lo scampato pericolo, trascinarono il dono all&#8217;interno delle mura.<\/p>\n<p>Di notte, mentre i troiani dormivano, i greci uscirono dal cavallo ed aprirono le porte della citt\u00e0 ai propri compagni. Questipenetrarono nella citt\u00e0 cogliendo di sorpresa i troiani, che furono facilmente sopraffatti. Troia fu sconfitta dopo dieci anni di assedio e data alle fiamme.<\/p>\n<p>L\u2019ira degli dei favorevoli ai Troiani, tuttavia, pun\u00ec duramente Ulisse che fu costretto a peregrinare per tutti i mari e a superare terribili prove prima di poter tornare in patria. Le sue avventure sono narrate nell\u2019Odissea.<\/p>\n<p>[\/et_pb_accordion_item][et_pb_accordion_item title=&#8221;L\u2019Odissea&#8221;]<\/p>\n<p><a href=\"http:\/\/storymap.nordai.it\/wp-content\/uploads\/2015\/10\/incipit-Odissea.png\"><img loading=\"lazy\" decoding=\"async\" src=\"http:\/\/storymap.nordai.it\/wp-content\/uploads\/2015\/10\/incipit-Odissea-300x175.png\" alt=\"incipit Odissea\" width=\"300\" height=\"175\" class=\"alignnone size-medium wp-image-276\" srcset=\"http:\/\/storymap.nordai.it\/wp-content\/uploads\/2015\/10\/incipit-Odissea-300x175.png 300w, http:\/\/storymap.nordai.it\/wp-content\/uploads\/2015\/10\/incipit-Odissea.png 684w\" sizes=\"(max-width: 300px) 100vw, 300px\" \/><\/a><\/p>\n<p>\u00abNarrami, o Musa, dell&#8217;uomo dall&#8217;agile mente, che tanto vag\u00f2, dopo che distrusse la sacra citt\u00e0 di Troia.\u00bb <\/p>\n<p>Con questi versi inizia l&#8217;Odissea, poema epico attribuiti all&#8217;opera del poeta Omero, diviso in 24 libri, che narra le vicende dell&#8217;eroe Ulisse, il suo ritorno da Troia alla patria Itaca e la riconquista del trono. L&#8217;Osiddea. pu\u00f2, per il contenuto, essere divisa in tre parti: la Telemachia (libri II-IV), che descrivono il  viaggio del giovane Telemaco alla ricerca del padre Ulisse; i viaggi di Ulisse (libri V-XII); il ritorno di Ulisse a Itaca e la sua lotta contro i Proci (libri XIII-XXIV). <\/p>\n<p>L&#8217;Odissea si presenta attualmente in forma scritta, l&#8217;originale pi\u00f9 antico dell&#8217;opera risale alla fine dell&#8217;VIII secolo a.C.,  mentre in origine il poema era tramandato oralmente da abili ed esperti&nbsp;aedi&nbsp;e rapsodi.  La lingua dell&#8217;Odissea mescola forme appartenenti a diversi dialetti greci. <\/p>\n<p>L&#8217;Odissea si svolge principalmente nel&nbsp;Peloponneso, nelle&nbsp;isole ioniche&nbsp;e nel&nbsp;mediterraneo occidentale&nbsp;(visto dagli antichi greci oltre i loro confini &#8220;le&nbsp;colonne d&#8217;Ercole&#8221; ovvero lo&nbsp;stretto di Gibilterra); ma identificare esattamente i luoghi visitati da Ulisse appare quasi impossibile, anche perch\u00e9 il testo offre in genere assai pochi spunti per identificare geograficamente i luoghi. Gli studiosi non sono nemmeno unanimemente concordi nell&#8217;identificare l&#8217;Itaca di Odisseo con la moderna&nbsp;Itaca, poich\u00e9 le descrizioni geografiche e il numero di isole dell&#8217;arcipelago non corrispondono.<br \/>\nTuttavia tradizionalmente si identifica nella&nbsp;Sicilia&nbsp;la terra dei Ciclopi e dei Lestrigoni, in una delle&nbsp;isole Eolie&nbsp;l&#8217;isola in cui Ulisse incontr\u00f2 il dio&nbsp;Eolo, e in&nbsp;Corf\u00f9&nbsp;la terra dei Feaci, Scheria.<br \/>\nSuccessivamente sono stati proposti molti altri luoghi, la maggior parte di questi situati nell&#8217;area&nbsp;mediterranea, ma alcuni studiosi sono anche arrivati ad ipotizzare che Ulisse abbia raggiunto l&#8217;Oceano Atlantico&nbsp;o addirittura che tutta la sua vicenda si sia svolta nel&nbsp;Mar Baltico&nbsp;(la cosiddetta &#8220;teoria dell&#8217;Omero nel Baltico&#8221;).<\/p>\n<p>[\/et_pb_accordion_item]<\/p>\n<p>[\/et_pb_accordion][\/et_pb_column][\/et_pb_row][\/et_pb_section]<\/p>\n","protected":false},"excerpt":{"rendered":"<p>\u00a0 \u00a0 Fonte: Enciclopedia Treccani e Wikipedia \u00a0 Ulisse, in greco Odisseo, \u00e8 uno dei pi\u00f9 importanti&nbsp;eroi&nbsp;della&nbsp;mitologia greca. Re&nbsp;di Itaca, marito di&nbsp;Penelope e padre di&nbsp;Telemaco,&nbsp;Ulisse incarna il simbolo dell\u2019uomo che riesce a superare le prove della vita con la forza dell\u2019ingegno e grazie alla sua astuzia e alle sue mille risorse.Le sue gesta sono&nbsp;descritte e [&hellip;]<\/p>\n","protected":false},"author":1,"featured_media":0,"parent":41,"menu_order":10,"comment_status":"closed","ping_status":"closed","template":"","meta":{"_et_pb_use_builder":"on","_et_pb_old_content":"","_et_gb_content_width":"","footnotes":""},"class_list":["post-212","page","type-page","status-publish","hentry"],"_links":{"self":[{"href":"http:\/\/storymap.nordai.it\/index.php?rest_route=\/wp\/v2\/pages\/212","targetHints":{"allow":["GET"]}}],"collection":[{"href":"http:\/\/storymap.nordai.it\/index.php?rest_route=\/wp\/v2\/pages"}],"about":[{"href":"http:\/\/storymap.nordai.it\/index.php?rest_route=\/wp\/v2\/types\/page"}],"author":[{"embeddable":true,"href":"http:\/\/storymap.nordai.it\/index.php?rest_route=\/wp\/v2\/users\/1"}],"replies":[{"embeddable":true,"href":"http:\/\/storymap.nordai.it\/index.php?rest_route=%2Fwp%2Fv2%2Fcomments&post=212"}],"version-history":[{"count":35,"href":"http:\/\/storymap.nordai.it\/index.php?rest_route=\/wp\/v2\/pages\/212\/revisions"}],"predecessor-version":[{"id":269,"href":"http:\/\/storymap.nordai.it\/index.php?rest_route=\/wp\/v2\/pages\/212\/revisions\/269"}],"up":[{"embeddable":true,"href":"http:\/\/storymap.nordai.it\/index.php?rest_route=\/wp\/v2\/pages\/41"}],"wp:attachment":[{"href":"http:\/\/storymap.nordai.it\/index.php?rest_route=%2Fwp%2Fv2%2Fmedia&parent=212"}],"curies":[{"name":"wp","href":"https:\/\/api.w.org\/{rel}","templated":true}]}}