							
{"id":221,"date":"2015-10-04T12:44:14","date_gmt":"2015-10-04T10:44:14","guid":{"rendered":"http:\/\/storymap.nordai.it\/?page_id=221"},"modified":"2015-10-16T11:48:52","modified_gmt":"2015-10-16T09:48:52","slug":"le-tappe","status":"publish","type":"page","link":"http:\/\/storymap.nordai.it\/?page_id=221","title":{"rendered":"Le tappe"},"content":{"rendered":"<p>[et_pb_section admin_label=&#8221;section&#8221;][et_pb_row admin_label=&#8221;row&#8221;][et_pb_column type=&#8221;1_3&#8243;][et_pb_blurb admin_label=&#8221;Blurb&#8221; title=&#8221;Le tappe del viaggio di Ulisse&#8221; url_new_window=&#8221;off&#8221; use_icon=&#8221;on&#8221; font_icon=&#8221;\ue01d&#8221; icon_color=&#8221;#4689c7&#8243; use_circle=&#8221;off&#8221; circle_color=&#8221;#4689c7&#8243; use_circle_border=&#8221;off&#8221; circle_border_color=&#8221;#4689c7&#8243; icon_placement=&#8221;left&#8221; animation=&#8221;off&#8221; background_layout=&#8221;light&#8221; text_orientation=&#8221;center&#8221; use_icon_font_size=&#8221;off&#8221; use_border_color=&#8221;off&#8221; border_color=&#8221;#ffffff&#8221; border_style=&#8221;solid&#8221;]<\/p>\n<p>&nbsp;<\/p>\n<p>[\/et_pb_blurb][et_pb_image admin_label=&#8221;Image&#8221; src=&#8221;http:\/\/storymap.nordai.it\/wp-content\/uploads\/2015\/10\/Odissea_Itinerario-Ipotetico.jpg&#8221; show_in_lightbox=&#8221;off&#8221; url_new_window=&#8221;off&#8221; animation=&#8221;bottom&#8221; sticky=&#8221;off&#8221; align=&#8221;left&#8221; force_fullwidth=&#8221;off&#8221; always_center_on_mobile=&#8221;on&#8221; use_border_color=&#8221;off&#8221; border_color=&#8221;#ffffff&#8221; border_style=&#8221;solid&#8221;]<\/p>\n<p>&nbsp;<\/p>\n<p>[\/et_pb_image][\/et_pb_column][et_pb_column type=&#8221;2_3&#8243;][et_pb_accordion admin_label=&#8221;Accordion&#8221; use_border_color=&#8221;off&#8221; border_color=&#8221;#ffffff&#8221; border_style=&#8221;solid&#8221;]<\/p>\n<p>[et_pb_accordion_item title=&#8221;Copertina&#8221;]<\/p>\n<h1><b>Titolo<\/b><\/h1>\n<p>L&#8217;ODISSEA<\/p>\n<p>&nbsp;<\/p>\n<p><b>Testo:<\/b><\/p>\n<p>\u00abNarrami, o Musa, dell&#8217;uomo dall&#8217;agile mente, che tanto vag\u00f2, dopo che distrusse la sacra citt\u00e0 di Troia.\u00bb<\/p>\n<p>&nbsp;<\/p>\n<p><b>Immagine di sfondo:<\/b><\/p>\n<p><a href=\"http:\/\/www.minerva.unito.it\/Storia\/StoriaScienzeSperimentali\/Cartografia\/Immagini\/HerodotusT.jpg\">http:\/\/www.minerva.unito.it\/Storia\/StoriaScienzeSperimentali\/Cartografia\/Immagini\/HerodotusT.jpg<\/a><\/p>\n<p>&nbsp;<\/p>\n<p>[\/et_pb_accordion_item][et_pb_accordion_item title=&#8221;La Partenza (Rovine di Troia)&#8221;]<\/p>\n<h2><b>Luogo<\/b><\/h2>\n<p><b>Troia (Turchia)<\/b><\/p>\n<p>&nbsp;<\/p>\n<p><b>Titolo:<\/b><\/p>\n<p>LA PARTENZA<\/p>\n<p>&nbsp;<\/p>\n<p><b>Sottotitolo:<\/b><\/p>\n<p>La citt\u00e0 di Troia<\/p>\n<p>&nbsp;<\/p>\n<p><b>Testo<\/b><\/p>\n<p>Dopo dieci anni di assedio, grazie all&#8217;inganno del Cavallo ideato da Ulisse, i Greci riuscirono ad espugnare la citt\u00e0. Ulisse part\u00ec con i suoi uomini con l&#8217;intento di tornare in patria, ma un viaggio di poche settimane si trasform\u00f2 in una peregrinazione lunga dieci anni. <\/p>\n<p>&nbsp;<\/p>\n<p><b>Immagine di sfondo<\/b><\/p>\n<p><a href=\"http:\/\/digilander.libero.it\/nic.elv\/La%20Turkia%20di%20E.%20T\/slides\/008%20rovine%20di%20Troia.jpg\">http:\/\/digilander.libero.it\/nic.elv\/La%20Turkia%20di%20E.%20T\/slides\/008%20rovine%20di%20Troia.jpg<\/a><\/p>\n<p>&nbsp;<\/p>\n<p><b>Video YouTube<\/b><\/p>\n<p><a href=\"https:\/\/www.youtube.com\/watch?v=8oC9WQAMQ6I&amp;list=PLCF4D3901EFB123C0&amp;index=2\">https:\/\/www.youtube.com\/watch?v=8oC9WQAMQ6I&amp;list=PLCF4D3901EFB123C0&amp;index=2<\/a><\/p>\n<p>Super Quark &#8211; Il fantastico viaggio di Ulisse<\/p>\n<p>[\/et_pb_accordion_item][et_pb_accordion_item title=&#8221;Tappa n\u00b01 &#8211; Ismaro, la citt\u00e0 dei Ciconi&#8221;]<\/p>\n<h2><b>Luogo<\/b><\/h2>\n<p><b>Alessandropoli(Grecia)<\/b><\/p>\n<p>&nbsp;<\/p>\n<p><b>Titolo:<\/b><\/p>\n<p><b>ISMARO<\/b><\/p>\n<p>&nbsp;<\/p>\n<p><b>Sottotitolo:<\/b><\/p>\n<p>Alessandropoli (\u0391\u03bb\u03b5\u03be\u03b1\u03bd\u03b4\u03c1\u03bf\u03cd\u03c0\u03bf\u03bb\u03b7)<\/p>\n<p>&nbsp;<\/p>\n<p><b>Testo<\/b><\/p>\n<p>Ulisse e i suoi compagni saccheggiano Ismaro la citt\u00e0 abitata dai Ciconi, popolo colpevole d&#8217;essere stato alleato di Toia. Nel bottino anche numerose anfore di vino col quale i soldati si ubriacano. Durante uno scontro molti dei compagni di Ulisse vengono uccisi. Ulisse riparte portando con se un&#8217;otre del vino forte e dolcissimo.<\/p>\n<p>&nbsp;<\/p>\n<p><b>Immagine di sfondo<\/b><\/p>\n<p><a href=\"http:\/\/www.ereportaz.gr\/wp-content\/uploads\/2015\/03\/limania-570.jpg\">http:\/\/www.ereportaz.gr\/wp-content\/uploads\/2015\/03\/limania-570.jpg<\/a><\/p>\n<p>&nbsp;<\/p>\n<p><b>Immagine:<\/b><\/p>\n<p><a href=\"https:\/\/upload.wikimedia.org\/wikipedia\/commons\/7\/7c\/Amphora_protogeometric_BM_A1123.jpg\">https:\/\/upload.wikimedia.org\/wikipedia\/commons\/7\/7c\/Amphora_protogeometric_BM_A1123.jpg<\/a><\/p>\n<p>Ceramica greca &#8211; Anfora globulare ansata, 950-900 a.C.<\/p>\n<p>[\/et_pb_accordion_item][et_pb_accordion_item title=&#8221;Tappa n\u00b02 &#8211; Il paese dei Lotofagi&#8221;]<\/p>\n<h2><b>Luogo<\/b><\/h2>\n<p><b>Isola di Djerba (Tunisia)<\/b><\/p>\n<p>&nbsp;<\/p>\n<p><b>Titolo:<\/b><\/p>\n<p>IL PAESE DEI LOTOFAGI<\/p>\n<p>&nbsp;<\/p>\n<p><b>Sottotitolo:<\/b><\/p>\n<p>L&#8217;isola di Djerba<\/p>\n<p>&nbsp;<\/p>\n<p><b>Testo<\/b><\/p>\n<p>Ulisse mand\u00f2 alcuni uomini in avanscoperta, ma questi non fecero rientro. Gli abitanti dell&#8217;isola gli avevano fatto mangiare il Loto, frutto che donano l&#8217;oblio facendo dimenticare la patria lontana. Ulisse riesce a convincerli a rientrare a casa. <\/p>\n<p>&nbsp;<\/p>\n<p><b>Immagine di sfondo<\/b><\/p>\n<p><a href=\"http:\/\/lifestyle.worldgmn.com\/wp-content\/uploads\/2013\/12\/thursday-event-jerba-world-global-network.jpg\">http:\/\/lifestyle.worldgmn.com\/wp-content\/uploads\/2013\/12\/thursday-event-jerba-world-global-network.jpg<\/a><\/p>\n<p>&nbsp;<\/p>\n<p><b>Video YouTube<\/b><\/p>\n<p><a href=\"https:\/\/www.youtube.com\/watch?v=jOT6sv9GN4c\">https:\/\/www.youtube.com\/watch?v=jOT6sv9GN4c<\/a><\/p>\n<p>Super Quark &#8211; Il fantastico viaggio di Ulisse<\/p>\n<p>[\/et_pb_accordion_item][et_pb_accordion_item title=&#8221;Tappa n\u00b03 &#8211; La Terra dei Ciclopi&#8221;]<\/p>\n<h2><b>Luogo<\/b><\/h2>\n<p><b>Aci Trezza (Catania)<\/b><\/p>\n<p>&nbsp;<\/p>\n<p><b>Titolo:<\/b><\/p>\n<p><b>LA TERRA DEI CICLOPI<\/b><\/p>\n<p>&nbsp;<\/p>\n<p><b>Sottotitolo:<\/b><\/p>\n<p>I faraglioni di Aci Trezza<\/p>\n<p>&nbsp;<\/p>\n<p><b>Testo<\/b><\/p>\n<p>Spinto dalla curiosit\u00e0, Ulisse raggiunse la grotta del pi\u00f9 temibile dei ciclopi, Polifemo figlio di Poseidone. Il gigante cattura Ulisse e i suoi dodici compagni, sei dei quali verranno divorati. I greci riescono a fuggire grazie all&#8217;astuzia di Ulisse che fa ubriacare il ciclope col vino di Ismaro.<\/p>\n<p>&nbsp;<\/p>\n<p><b>Immagine di sfondo<\/b><\/p>\n<p><a href=\"https:\/\/upload.wikimedia.org\/wikipedia\/commons\/3\/37\/AciTrezzaaerea.jpg\">https:\/\/upload.wikimedia.org\/wikipedia\/commons\/3\/37\/AciTrezzaaerea.jpg<\/a><\/p>\n<p>&nbsp;<\/p>\n<p><b>Immagine:<\/b><\/p>\n<p><a href=\"http:\/\/www.artslife.com\/wp-content\/uploads\/2012\/06\/B%C3%B6cklin-ulisse-e-polifemo-sothebys-590x254.jpg\">http:\/\/www.artslife.com\/wp-content\/uploads\/2012\/06\/B%C3%B6cklin-ulisse-e-polifemo-sothebys-590&#215;254.jpg<\/a><\/p>\n<p>\u201cOdisseo e Polifemo\u201d, capolavoro dell\u2019artista svizzero Arnold B\u00f6cklin (1827-1901)<\/p>\n<p>[\/et_pb_accordion_item][et_pb_accordion_item title=&#8221;Tappa n\u00b04 &#8211; La Reggia del Dio dei Venti&#8221;]<\/p>\n<h2><b>Luogo<\/b><\/h2>\n<p><b>Isola di Lipari (arcipelago delle isole Eolie)<\/b><\/p>\n<p>&nbsp;<\/p>\n<p><b>Titolo:<\/b><\/p>\n<p>LA REGGIA DI EOLO<\/p>\n<p>&nbsp;<\/p>\n<p><b>Sottotitolo:<\/b><\/p>\n<p>Isola di Lipari (arcipelago delle Eolie)<\/p>\n<p>&nbsp;<\/p>\n<p><b>Testo<\/b><\/p>\n<p>Ulisse riceve in dono dal dio Eolo un otre piena di venti contrari. Quasi giunti in vista di Itaca, i compagni d&#8217;Ulisse aprono l&#8217;otre pensando che dentro ci fosse dell&#8217;oro: i venti, cos\u00ec liberati, si scatenano e allontanano le barche dalla madrepatria. <\/p>\n<p>&nbsp;<\/p>\n<p><b>Immagine di sfondo<\/b><\/p>\n<p><a href=\"http:\/\/www.larosaviaggi.it\/wp\/wp-content\/uploads\/2012\/11\/Lipari_cave_di_pomice.jpg\">http:\/\/www.larosaviaggi.it\/wp\/wp-content\/uploads\/2012\/11\/Lipari_cave_di_pomice.jpg<\/a><\/p>\n<p>&nbsp;<\/p>\n<p><b>Video YouTube<\/b><\/p>\n<p><a href=\"https:\/\/www.youtube.com\/watch?v=2XqpI0rp-l0\">https:\/\/www.youtube.com\/watch?v=2XqpI0rp-l0<\/a><\/p>\n<p>Super Quark &#8211; Il fantastico viaggio di Ulisse<\/p>\n<p>[\/et_pb_accordion_item][et_pb_accordion_item title=&#8221;Tappa n\u00b05 &#8211; Telephylos&#8221;]<\/p>\n<h2><b>Luogo<\/b><\/h2>\n<p><b>Formia (Latina)<\/b><\/p>\n<p>&nbsp;<\/p>\n<p><b>Titolo:<\/b><\/p>\n<p><b>TELEPHYLOS<\/b><\/p>\n<p>&nbsp;<\/p>\n<p><b>Sottotitolo:<\/b><\/p>\n<p>Formia, la terra dei Lestrigoni<\/p>\n<p>&nbsp;<\/p>\n<p><b>Testo<\/b><\/p>\n<p>I Lestrigoni, mostruosi e giganti, vogliono cibarsi della carne di Ulisse e dei suoi compagni. Ulisse perde alcuni compagni e molte navi, ma riesce infine a salvarsi riprendendo il largo.<\/p>\n<p>&nbsp;<\/p>\n<p><b>Immagine di sfondo<\/b><\/p>\n<p><a href=\"http:\/\/www.mare-vacanza.it\/lazio\/images\/formia-4.jpg\">http:\/\/www.mare-vacanza.it\/lazio\/images\/formia-4.jpg<\/a><\/p>\n<p>&nbsp;<\/p>\n<p><b>Immagine:<\/b><\/p>\n<p><a href=\"http:\/\/www1.unipa.it\/paolo.monella\/ulisse\/images\/lestrigoni1.jpg\">http:\/\/www1.unipa.it\/paolo.monella\/ulisse\/images\/lestrigoni1.jpg<\/a><\/p>\n<p>Lotta con i Lestrigoni (The Frances Lehman Loeb Art Center, Vassar College Poughkeepsie, New York).<\/p>\n<p>[\/et_pb_accordion_item][et_pb_accordion_item title=&#8221;Tappa n\u00b06 &#8211; Isola di Eea&#8221;]<\/p>\n<h2><b>Luogo<\/b><\/h2>\n<p><b>Promontorio del Circeo (Latina)<\/b><\/p>\n<p>&nbsp;<\/p>\n<p><b>Titolo:<\/b><\/p>\n<p>L&#8217;ISOLA DI EEA<\/p>\n<p>&nbsp;<\/p>\n<p><b>Sottotitolo:<\/b><\/p>\n<p>Il promontorio del Circeo<\/p>\n<p>&nbsp;<\/p>\n<p><b>Testo<\/b><\/p>\n<p>La maga Circe trasforma i compagni di Ulisse in porci, facendogli bere una pozione magica. L&#8217;eroe greco con l&#8217;aiuto di Ermes si salvo e riusci a liberare i compagni rimanendo poi sull&#8217;isola per circa un anno<\/p>\n<p>&nbsp;<\/p>\n<p><b>Immagine di sfondo<\/b><\/p>\n<p><a href=\"http:\/\/www.centroguideturistiche.com\/img\/circeo-promontorio.jpg\">http:\/\/www.centroguideturistiche.com\/img\/circeo-promontorio.jpg<\/a><\/p>\n<p>&nbsp;<\/p>\n<p><b>Video YouTube<\/b><\/p>\n<p><a href=\"https:\/\/www.youtube.com\/watch?v=QYsBnKjsHFc\">https:\/\/www.youtube.com\/watch?v=QYsBnKjsHFc<\/a><\/p>\n<p>Super Quark &#8211; Il fantastico viaggio di Ulisse<\/p>\n<p>[\/et_pb_accordion_item][et_pb_accordion_item title=&#8221;Tappa n\u00b07 &#8211; Il territorio dei Cimmeri&#8221;]<\/p>\n<h2><b>Luogo<\/b><\/h2>\n<p><b>I Campi Flegrei (Napoli)<\/b><\/p>\n<p>&nbsp;<\/p>\n<p><b>Titolo:<\/b><\/p>\n<p>TERRITORIO DEI CIMMERI<\/p>\n<p>&nbsp;<\/p>\n<p><b>Sottotitolo:<\/b><\/p>\n<p>I Campi Flegrei: viaggio nell&#8217;Ade<\/p>\n<p>&nbsp;<\/p>\n<p><b>Testo<\/b><\/p>\n<p>Su indicazione della maga Circe Ulisse raggiunge la terra dell&#8217;Ade dove, compiute le debite cerimonie, gli appaiono le Ombre dei Morti.  Ulisse  interroga l&#8217;indovino Tiresia per conoscere il suo futuro. Incontra anche sua madre e diversi eroi.<\/p>\n<p>&nbsp;<\/p>\n<p><b>Immagine di sfondo<\/b><\/p>\n<p><a href=\"https:\/\/upload.wikimedia.org\/wikipedia\/commons\/8\/81\/Grande_Fumarola_8.jpg\">https:\/\/upload.wikimedia.org\/wikipedia\/commons\/8\/81\/Grande_Fumarola_8.jpg<\/a><\/p>\n<p>&nbsp;<\/p>\n<p><b>Video YouTube<\/b><\/p>\n<p><a href=\"https:\/\/www.youtube.com\/watch?v=y7ZqBM-4rA8&amp;index=6&amp;list=PLCF4D3901EFB123C0\">https:\/\/www.youtube.com\/watch?v=y7ZqBM-4rA8&amp;index=6&amp;list=PLCF4D3901EFB123C0<\/a><\/p>\n<p>Super Quark &#8211; Il fantastico viaggio di Ulisse<\/p>\n<p>[\/et_pb_accordion_item][et_pb_accordion_item title=&#8221;Tappa n\u00b08 &#8211; L&#8217;Isola delle Sirene&#8221;]<\/p>\n<h2><b>Luogo<\/b><\/h2>\n<p><b>Isola di Capri<\/b><\/p>\n<p>&nbsp;<\/p>\n<p><b>Titolo:<\/b><\/p>\n<p>L&#8217;ISOLA DELLE SIRENE<\/p>\n<p>&nbsp;<\/p>\n<p><b>Sottotitolo:<\/b><\/p>\n<p>I Faraglioni di Capri<\/p>\n<p>&nbsp;<\/p>\n<p><b>Testo<\/b><\/p>\n<p>Ulisse incontra le Sirene dal canto ammaliatore ma funesto. Chi senza saperlo ode la loro voce, non torna pi\u00f9 a casa. Ulisse tappa le orecchie ai compagni e si fa legare all&#8217;albero della nave per ascoltarle.<\/p>\n<p>&nbsp;<\/p>\n<p><b>Immagine di sfondo<\/b><\/p>\n<p><a href=\"http:\/\/www.curioseety.com\/files\/file_upload_attribute\/5530d6f55d926_barbara5.jpg\">http:\/\/www.curioseety.com\/files\/file_upload_attribute\/5530d6f55d926_barbara5.jpg<\/a><\/p>\n<p>&nbsp;<\/p>\n<p><b>Video YouTube<\/b><\/p>\n<p><a href=\"https:\/\/www.youtube.com\/watch?v=NdQIFgKZGjA&amp;list=PLCF4D3901EFB123C0&amp;index=7\">https:\/\/www.youtube.com\/watch?v=NdQIFgKZGjA&amp;list=PLCF4D3901EFB123C0&amp;index=7<\/a><\/p>\n<p>Super Quark &#8211; Il fantastico viaggio di Ulisse<\/p>\n<p>[\/et_pb_accordion_item][et_pb_accordion_item title=&#8221;Tappa n\u00b09 &#8211; Scilla e Cariddi&#8221;]<\/p>\n<h2><b>Luogo<\/b><\/h2>\n<p><b>Stretto di Messina<\/b><\/p>\n<p>&nbsp;<\/p>\n<p><b>Titolo:<\/b><\/p>\n<p>SCILLA E CARIDDI<\/p>\n<p>&nbsp;<\/p>\n<p><b>Sottotitolo:<\/b><\/p>\n<p>Lo Stretto di Merssina<\/p>\n<p>&nbsp;<\/p>\n<p><b>Testo<\/b><\/p>\n<p>Ulisse passa tra Scilla (mostro a 6 teste), e Cariddi (temibile gorgo).  Scilla mangia tuttavia sei compagni di Ulisse.<\/p>\n<p>&nbsp;<\/p>\n<p><b>Immagine di sfondo<\/b><\/p>\n<p><a href=\"https:\/\/upload.wikimedia.org\/wikipedia\/commons\/c\/c7\/Lo_stretto_di_Messina.jpg\">https:\/\/upload.wikimedia.org\/wikipedia\/commons\/c\/c7\/Lo_stretto_di_Messina.jpg<\/a><\/p>\n<p>&nbsp;<\/p>\n<p><b>Immagine:<\/b><\/p>\n<p><a href=\"https:\/\/upload.wikimedia.org\/wikipedia\/commons\/9\/9a\/Skylla_BM_621.jpg\">https:\/\/upload.wikimedia.org\/wikipedia\/commons\/9\/9a\/Skylla_BM_621.jpg<\/a><\/p>\n<p>Scilla, placca di terracotta di Melos, 460\u2013450 a.C.,Londra, British Museum.<\/p>\n<p>[\/et_pb_accordion_item][et_pb_accordion_item title=&#8221;Tappa n\u00b010 &#8211; Isola di Trinachia&#8221;]<\/p>\n<h2><b>Luogo<\/b><\/h2>\n<p><b>Golfo di Messina<\/b><\/p>\n<p>&nbsp;<\/p>\n<p><b>Titolo:<\/b><\/p>\n<p>ISOLA DI TRINACHIA<\/p>\n<p>&nbsp;<\/p>\n<p><b>Sottotitolo:<\/b><\/p>\n<p>Citt\u00e0 di Messina<\/p>\n<p>&nbsp;<\/p>\n<p><b>Testo<\/b><\/p>\n<p>Qui pascolano i buoi sacri al dio Sole. I compagni di Ulissei li mangiano, nonostante fossero animali sacri e per questo il dio scatena una tempesta dove tutti perderanno la vita, tranne Ulisse.<\/p>\n<p>&nbsp;<\/p>\n<p><b>Immagine di sfondo<\/b><\/p>\n<p><a href=\"https:\/\/www.mondoguide.it\/uploads\/home\/152cc18f37b123.jpg\">https:\/\/www.mondoguide.it\/uploads\/home\/152cc18f37b123.jpg<\/a><\/p>\n<p>&nbsp;<\/p>\n<p><b>Video YouTube<\/b><\/p>\n<p><a href=\"https:\/\/www.youtube.com\/watch?v=jUjO7GUeMhU&amp;index=8&amp;list=PLCF4D3901EFB123C0\">https:\/\/www.youtube.com\/watch?v=jUjO7GUeMhU&amp;index=8&amp;list=PLCF4D3901EFB123C0<\/a><\/p>\n<p>Super Quark &#8211; Il fantastico viaggio di Ulisse<\/p>\n<p>[\/et_pb_accordion_item][et_pb_accordion_item title=&#8221;Tappa n\u00b011 &#8211; Ogigia&#8221;]<\/p>\n<h2><b>Luogo<\/b><\/h2>\n<p><b>Isola di Pantelleria<\/b><\/p>\n<p>&nbsp;<\/p>\n<p><b>Titolo:<\/b><\/p>\n<p>OGIGIA<\/p>\n<p>&nbsp;<\/p>\n<p><b>Sottotitolo:<\/b><\/p>\n<p>Isola di Pantelleria<\/p>\n<p>&nbsp;<\/p>\n<p><b>Testo<\/b><\/p>\n<p>L&#8217;isola dove vive la ninfa Calipso, bella e immortale. Qui Ulisse rimane per 7 anni. Quando Ulisse deve ripartire la ninfa, innamorata di lui, gli offre l&#8217;immortalit\u00e0, ma l&#8217;eroe rifiuta e ritornare ad Itaca.<\/p>\n<p>&nbsp;<\/p>\n<p><b>Immagine di sfondo<\/b><\/p>\n<p><a href=\"http:\/\/www.casediprestigio.net\/CasePrestigioNew\/Pantelleria\/immagini\/head\/Pantelleria_06.jpg\">http:\/\/www.casediprestigio.net\/CasePrestigioNew\/Pantelleria\/immagini\/head\/Pantelleria_06.jpg<\/a><\/p>\n<p>&nbsp;<\/p>\n<p><b>Immagine:<\/b><\/p>\n<p><a href=\"https:\/\/upload.wikimedia.org\/wikipedia\/commons\/thumb\/2\/25\/Arnold_B%C3%B6cklin_008.jpg\/1024px-Arnold_B%C3%B6cklin_008.jpg\">https:\/\/upload.wikimedia.org\/wikipedia\/commons\/thumb\/2\/25\/Arnold_B%C3%B6cklin_008.jpg\/1024px-Arnold_B%C3%B6cklin_008.jpg<\/a><\/p>\n<p>Arnold B\u00f6cklin, Ulisse e Calipso, 1883, Kunstmuseum Basel<\/p>\n<p>[\/et_pb_accordion_item][et_pb_accordion_item title=&#8221;Tappa n\u00b012 &#8211; Isola dei Feaci&#8221;]<\/p>\n<h2><b>Luogo<\/b><\/h2>\n<p><b>Isola di Corf\u00f9 (Grecia)<\/b><\/p>\n<p>&nbsp;<\/p>\n<p><b>Titolo:<\/b><\/p>\n<p>ISOLA DEI FEACI<\/p>\n<p>&nbsp;<\/p>\n<p><b>Sottotitolo:<\/b><\/p>\n<p>Isola di Corf\u00f9<\/p>\n<p>&nbsp;<\/p>\n<p><b>Testo<\/b><\/p>\n<p>Ulisse viene accolto benevolmente dal popolo dei Feaci r  racconta ad Alcinoo, re dell&#8217;isola, le sue avventure. Alcinoo decide di aiutarlo a far ritorno a casa offrendogli una delle sue navi.<\/p>\n<p>&nbsp;<\/p>\n<p><b>Immagine di sfondo<\/b><\/p>\n<p><a href=\"http:\/\/www.deltagroup-travel.com\/assets\/DESTINATIONS\/corfu01.jpg\">http:\/\/www.deltagroup-travel.com\/assets\/DESTINATIONS\/corfu01.jpg<\/a><\/p>\n<p>&nbsp;<\/p>\n<p><b>Video YouTube<\/b><\/p>\n<p><a href=\"https:\/\/www.youtube.com\/watch?v=Nrjp0t1wUIA&amp;list=PLCF4D3901EFB123C0&amp;index=9\">https:\/\/www.youtube.com\/watch?v=Nrjp0t1wUIA&amp;list=PLCF4D3901EFB123C0&amp;index=9<\/a><\/p>\n<p>Super Quark &#8211; Il fantastico viaggio di Ulisse<\/p>\n<p>[\/et_pb_accordion_item][et_pb_accordion_item title=&#8221;La fine del viaggio (Itaca)&#8221;]<\/p>\n<h2><b>Luogo<\/b><\/h2>\n<p><b>Isola di Itaca (Grecia)<\/b><\/p>\n<p>&nbsp;<\/p>\n<p><b>Titolo:<\/b><\/p>\n<p>ITACA<\/p>\n<p>&nbsp;<\/p>\n<p><b>Sottotitolo:<\/b><\/p>\n<p>La fine del viaggio<\/p>\n<p>&nbsp;<\/p>\n<p><b>Testo<\/b><\/p>\n<p>Arrivato finalmente in patria, Ulisse trova il suo palazzo invaso dai Proci che vogliono sposare Penelope e sedere sul trono al suo posto. Dopo uno scontro, Ulisse riesce a cacciarli e a riabbracciare la moglie e il figlio Telemaco.<\/p>\n<p>&nbsp;<\/p>\n<p><b>Immagine di sfondo<\/b><\/p>\n<p><a href=\"http:\/\/3.bp.blogspot.com\/-evT5uAoZKuk\/UE9iKW9HuEI\/AAAAAAAAHNo\/vW8d5BSyBc8\/s1600\/IMG_0647.JPG\">http:\/\/3.bp.blogspot.com\/-evT5uAoZKuk\/UE9iKW9HuEI\/AAAAAAAAHNo\/vW8d5BSyBc8\/s1600\/IMG_0647.JPG<\/a><\/p>\n<p>&nbsp;<\/p>\n<p><b>Video YouTube<\/b><\/p>\n<p><a href=\"https:\/\/www.youtube.com\/watch?v=z0EY67lMqv4&amp;index=13&amp;list=PLCF4D3901EFB123C0\">https:\/\/www.youtube.com\/watch?v=z0EY67lMqv4&amp;index=13&amp;list=PLCF4D3901EFB123C0<\/a><\/p>\n<p>Super Quark &#8211; Il fantastico viaggio di Ulisse<\/p>\n<p>[\/et_pb_accordion_item]<\/p>\n<p>[\/et_pb_accordion][et_pb_text admin_label=&#8221;Text&#8221; background_layout=&#8221;light&#8221; text_orientation=&#8221;left&#8221;]<\/p>\n<p><a title=\"vai al documento\" href=\"https:\/\/docs.google.com\/document\/d\/1FcE3TrhvD7dX1I2-_1HmP1WbLp20HlHPOBVPHnmJR8g\/edit#\" target=\"_blank\">Documento su Google DOC<\/a><\/p>\n<p>[\/et_pb_text][\/et_pb_column][\/et_pb_row][\/et_pb_section]<\/p>\n","protected":false},"excerpt":{"rendered":"<p>&nbsp; &nbsp; Titolo L&#8217;ODISSEA &nbsp; Testo: \u00abNarrami, o Musa, dell&#8217;uomo dall&#8217;agile mente, che tanto vag\u00f2, dopo che distrusse la sacra citt\u00e0 di Troia.\u00bb &nbsp; Immagine di sfondo: http:\/\/www.minerva.unito.it\/Storia\/StoriaScienzeSperimentali\/Cartografia\/Immagini\/HerodotusT.jpg &nbsp; Luogo Troia (Turchia) &nbsp; Titolo: LA PARTENZA &nbsp; Sottotitolo: La citt\u00e0 di Troia &nbsp; Testo Dopo dieci anni di assedio, grazie all&#8217;inganno del Cavallo ideato da [&hellip;]<\/p>\n","protected":false},"author":1,"featured_media":0,"parent":41,"menu_order":20,"comment_status":"closed","ping_status":"closed","template":"","meta":{"_et_pb_use_builder":"on","_et_pb_old_content":"","_et_gb_content_width":"","footnotes":""},"class_list":["post-221","page","type-page","status-publish","hentry"],"_links":{"self":[{"href":"http:\/\/storymap.nordai.it\/index.php?rest_route=\/wp\/v2\/pages\/221","targetHints":{"allow":["GET"]}}],"collection":[{"href":"http:\/\/storymap.nordai.it\/index.php?rest_route=\/wp\/v2\/pages"}],"about":[{"href":"http:\/\/storymap.nordai.it\/index.php?rest_route=\/wp\/v2\/types\/page"}],"author":[{"embeddable":true,"href":"http:\/\/storymap.nordai.it\/index.php?rest_route=\/wp\/v2\/users\/1"}],"replies":[{"embeddable":true,"href":"http:\/\/storymap.nordai.it\/index.php?rest_route=%2Fwp%2Fv2%2Fcomments&post=221"}],"version-history":[{"count":50,"href":"http:\/\/storymap.nordai.it\/index.php?rest_route=\/wp\/v2\/pages\/221\/revisions"}],"predecessor-version":[{"id":344,"href":"http:\/\/storymap.nordai.it\/index.php?rest_route=\/wp\/v2\/pages\/221\/revisions\/344"}],"up":[{"embeddable":true,"href":"http:\/\/storymap.nordai.it\/index.php?rest_route=\/wp\/v2\/pages\/41"}],"wp:attachment":[{"href":"http:\/\/storymap.nordai.it\/index.php?rest_route=%2Fwp%2Fv2%2Fmedia&parent=221"}],"curies":[{"name":"wp","href":"https:\/\/api.w.org\/{rel}","templated":true}]}}